{"id":68404,"date":"2026-02-03T09:35:46","date_gmt":"2026-02-03T09:35:46","guid":{"rendered":"https:\/\/www.christiesrealestatebelgium.be\/?page_id=68404"},"modified":"2026-02-03T10:38:10","modified_gmt":"2026-02-03T10:38:10","slug":"politique-en-matiere-de-cookies","status":"publish","type":"page","link":"https:\/\/www.christiesrealestatebelgium.be\/fr\/politique-en-matiere-de-cookies\/","title":{"rendered":"Politique en mati\u00e8re de cookies"},"content":{"rendered":"\t\t<div data-elementor-type=\"wp-page\" data-elementor-id=\"68404\" class=\"elementor elementor-68404 elementor-68372\" data-elementor-post-type=\"page\">\n\t\t\t\t<div class=\"elementor-element elementor-element-5af6910 e-flex e-con-boxed e-con e-parent\" data-id=\"5af6910\" data-element_type=\"container\" data-e-type=\"container\">\n\t\t\t\t\t<div class=\"e-con-inner\">\n\t\t\t\t<div class=\"elementor-element elementor-element-5a4472d elementor-widget elementor-widget-heading\" data-id=\"5a4472d\" data-element_type=\"widget\" data-e-type=\"widget\" data-widget_type=\"heading.default\">\n\t\t\t\t<div class=\"elementor-widget-container\">\n\t\t\t\t\t<h2 class=\"elementor-heading-title elementor-size-default\">Politique en mati\u00e8re de cookies<\/h2>\t\t\t\t<\/div>\n\t\t\t\t<\/div>\n\t\t\t\t<div class=\"elementor-element elementor-element-4c87a01 elementor-widget elementor-widget-text-editor\" data-id=\"4c87a01\" data-element_type=\"widget\" data-e-type=\"widget\" data-widget_type=\"text-editor.default\">\n\t\t\t\t<div class=\"elementor-widget-container\">\n\t\t\t\t\t\t\t\t\t<p>Lors d&rsquo;une visite sur le site web, des cookies sont plac\u00e9s sur le disque dur de votre ordinateur ou de votre appareil mobile.<br \/><br \/><\/p><h3>Que sont les cookies ?<\/h3><p><br \/>Un cookie est un petit fichier texte que nous stockons sur votre ordinateur ou votre appareil mobile lorsque vous visitez le site web. Les cookies sont g\u00e9n\u00e9ralement utilis\u00e9s pour optimiser le fonctionnement des sites web, pour garder une trace des actions des visiteurs du site, pour enregistrer les donn\u00e9es de connexion, etc. Il existe diff\u00e9rents types de cookies que l&rsquo;on peut distinguer selon leur origine, leur fonction et leur dur\u00e9e de vie.\u00a0<\/p><h3>Quels sont les cookies que nous utilisons et pourquoi ?<\/h3><p><br \/>Nous utilisons principalement des \u00ab\u00a0cookies de premi\u00e8re partie\u00a0\u00bb. Il s&rsquo;agit de cookies techniques utilis\u00e9s par le site web et dont le but est de faire fonctionner le site de mani\u00e8re optimale. Exemple : les r\u00e9glages que l&rsquo;utilisateur a effectu\u00e9s lors de ses pr\u00e9c\u00e9dentes visites sur le site, ou encore : un formulaire pr\u00e9-rempli avec les donn\u00e9es que l&rsquo;utilisateur a effectu\u00e9es lors de ses pr\u00e9c\u00e9dentes visites.\u00a0<\/p><p>Nous utilisons \u00e9galement un certain nombre de \u00ab\u00a0cookies tiers\u00a0\u00bb. Il s&rsquo;agit de cookies techniques utilis\u00e9s par des tiers dont le but est de nous informer sur votre comportement de navigation et sur vos donn\u00e9es techniques.<\/p><h3>Quels sont les types de cookies et \u00e0 quoi servent-ils ?<\/h3><p><br \/>Nous pouvons diviser les cookies que nous utilisons en trois cat\u00e9gories :<br \/><br \/><em><strong>1. Cookies essentiels<\/strong><\/em><br \/><br \/>Les cookies essentiels sont des cookies qui sont n\u00e9cessaires au fonctionnement d&rsquo;un site web. Ils permettent le fonctionnement de fonctions de base telles que la navigation dans les pages, la s\u00e9curit\u00e9 et le temps de chargement.<br \/><br \/><em><strong>2. Cookies fonctionnels<\/strong><\/em><br \/><br \/>Les cookies fonctionnels sont des cookies qui stockent des informations sur vos choix et pr\u00e9f\u00e9rences sur un site web. Par exemple, ils se souviennent de votre choix de langue, de vos donn\u00e9es de connexion ou de la r\u00e9gion dans laquelle vous vivez.<br \/><br \/><em><strong>3. Cookies analytiques<\/strong><\/em><br \/><br \/>Les cookies analytiques collectent des informations sur le comportement des visiteurs du site web et sur les performances du site web. Sur la base des r\u00e9sultats, le site web peut \u00eatre am\u00e9lior\u00e9 et les visiteurs b\u00e9n\u00e9ficient d&rsquo;une meilleure exp\u00e9rience utilisateur.<\/p><p><em><strong>4. Cookies de marketing<\/strong><\/em><br \/><br \/>Les cookies de marketing suivent le comportement de navigation des visiteurs du site web et \u00e9tablissent un profil d&rsquo;utilisateur sur cette base. Ce profil est utilis\u00e9 pour personnaliser l&rsquo;exp\u00e9rience de navigation et, par exemple, pour afficher des offres personnalis\u00e9es, des publicit\u00e9s, des bulletins d&rsquo;information et autres qui correspondent \u00e0 vos int\u00e9r\u00eats.<\/p><h3>Quels sont les cookies utilis\u00e9s sur notre site ?<\/h3><p><br \/>CraftSessionId (cookie de session)<br \/><br \/>Type : premi\u00e8re partie<br \/>Type : cookie essentiel<br \/>Dur\u00e9e de vie : session<br \/>Objectif : ce cookie permet la communication entre le serveur web et le navigateur et stocke temporairement les informations de votre session. Par exemple, il vous \u00e9vite de devoir remplir \u00e0 nouveau un formulaire lorsque vous rechargez la page ou que vous faites une erreur.<br \/><br \/>CRAFT_CSRF_TOKEN (cookie de session)<br \/><br \/>Type : premi\u00e8re partie<br \/>Type : cookie essentiel<br \/>Dur\u00e9e de vie : session<br \/>Objectif : jeton de s\u00e9curit\u00e9 utilis\u00e9 lors de la soumission de formulaires sur le site web.<\/p><p>CookieSettings, CookieNotification (cookie de session)<\/p><p>Type : premi\u00e8re partie<br \/>Type : cookie fonctionnel<br \/>Dur\u00e9e de vie : 6 mois<br \/>Objectif : ce cookie m\u00e9morise vos pr\u00e9f\u00e9rences en mati\u00e8re d&rsquo;utilisation des cookies sur le site web.<br \/><br \/>_ga, _gid (google.com)<br \/><br \/>Type : tiers<br \/>Type : cookie analytique<br \/>Dur\u00e9e de vie : 2 ans apr\u00e8s la session<br \/>Vie priv\u00e9e :\u00a0<a href=\"https:\/\/policies.google.com\/pr\">https:\/\/policies.google.com\/pr<\/a>&#8230;<br \/>Objectif : mesurer de mani\u00e8re anonyme la fa\u00e7on dont les visiteurs utilisent le site web.<\/p><p>CONSENT, UULE, DV (google.com)<br \/><br \/>Type : tiers<br \/>Type : cookies analytiques et marketing<br \/>Dur\u00e9e de vie : conserv\u00e9 pendant un maximum de 2 ans<br \/>Vie priv\u00e9e :\u00a0<a href=\"https:\/\/policies.google.com\/pr\">https:\/\/policies.google.com\/pr<\/a>&#8230;<br \/>Objectif : collecte de donn\u00e9es pour Google Analytics, afin d&rsquo;\u00e9tablir un profil d&rsquo;utilisateur anonyme et de mesurer l&rsquo;efficacit\u00e9 des annonces.<\/p><p>c.gif, CLID (clarity.ms)<\/p><p>Type : tiers<br \/>Type : cookie analytique<br \/>Dur\u00e9e de vie : 1 an apr\u00e8s la session<br \/>Vie priv\u00e9e :\u00a0<a href=\"https:\/\/clarity.microsoft.com\/\">https:\/\/clarity.microsoft.com\/<\/a>&#8230;<br \/>Objectif : mesurer de mani\u00e8re anonyme la fa\u00e7on dont les visiteurs utilisent le site web.<\/p><p>bscookie, li_gc, lang, lidc, bcookie, AnalyticsSyncHistory, UserMatchHistory (Linkedin.com)<br \/><br \/>Type : tiers<br \/>Type : cookie publicitaire<br \/>Dur\u00e9e de vie : 1 jour \u00e0 1 an apr\u00e8s la session<br \/>Vie priv\u00e9e :\u00a0<a href=\"https:\/\/www.linkedin.com\/legal\">https:\/\/www.linkedin.com\/legal<\/a>&#8230;<br \/>Objectif : mesurer l&rsquo;audience et l&rsquo;interaction avec les publicit\u00e9s.<br \/>prism_# (activecampaign.com)<br \/><br \/>Type : tiers<br \/>Type : cookie analytique<br \/>Dur\u00e9e de vie : 29 jours<br \/>Vie priv\u00e9e :\u00a0<a href=\"https:\/\/www.activecampaign.com\/\">https:\/\/www.activecampaign.com<\/a>&#8230;<br \/>Objectif : mesurer l&rsquo;audience et l&rsquo;interaction avec les publicit\u00e9s.<\/p><h3>Comment d\u00e9sactiver les cookies ?<\/h3><p><br \/>Vous pouvez d\u00e9sactiver les cookies, les supprimer ou ajuster les param\u00e8tres des cookies, mais si vous le faites, notre site web ne pourra plus fonctionner de mani\u00e8re optimale. Voulez-vous toujours ajuster les param\u00e8tres des cookies ? Vous pouvez le faire via le bouton de param\u00e9trage des cookies situ\u00e9 en bas du pied de page.<\/p>\t\t\t\t\t\t\t\t<\/div>\n\t\t\t\t<\/div>\n\t\t\t\t\t<\/div>\n\t\t\t\t<\/div>\n\t\t\t\t<\/div>\n\t\t","protected":false},"excerpt":{"rendered":"<p>Politique en mati\u00e8re de cookies Lors d&rsquo;une visite sur le site web, des cookies sont plac\u00e9s sur le disque dur de votre ordinateur ou de votre appareil mobile. Que sont les cookies ? Un cookie est un petit fichier texte que nous stockons sur votre ordinateur ou votre appareil mobile lorsque vous visitez le site &hellip; <a href=\"https:\/\/www.christiesrealestatebelgium.be\/fr\/politique-en-matiere-de-cookies\/\" class=\"more-link\">Continue reading<span class=\"screen-reader-text\"> \u00ab\u00a0Politique en mati\u00e8re de cookies\u00a0\u00bb<\/span><\/a><\/p>\n","protected":false},"author":3,"featured_media":0,"parent":0,"menu_order":0,"comment_status":"closed","ping_status":"closed","template":"","meta":{"_acf_changed":false,"_genesis_title":"","_genesis_description":"","footnotes":""},"class_list":["post-68404","page","type-page","status-publish","hentry"],"acf":[],"meta_all":[],"meta_all_flat":[],"yoast_head":"<!-- This site is optimized with the Yoast SEO plugin v27.4 - https:\/\/yoast.com\/product\/yoast-seo-wordpress\/ -->\n<title>Politique en mati\u00e8re de cookies - Christie\u2019s International Real Estate Belgium<\/title>\n<meta name=\"robots\" content=\"index, follow, max-snippet:-1, max-image-preview:large, max-video-preview:-1\" \/>\n<link rel=\"canonical\" href=\"https:\/\/www.christiesrealestatebelgium.be\/fr\/politique-en-matiere-de-cookies\/\" \/>\n<meta property=\"og:locale\" content=\"fr_FR\" \/>\n<meta property=\"og:type\" content=\"article\" \/>\n<meta property=\"og:title\" content=\"Politique en mati\u00e8re de cookies - Christie\u2019s International Real Estate Belgium\" \/>\n<meta property=\"og:description\" content=\"Politique en mati\u00e8re de cookies Lors d&rsquo;une visite sur le site web, des cookies sont plac\u00e9s sur le disque dur de votre ordinateur ou de votre appareil mobile. Que sont les cookies ? Un cookie est un petit fichier texte que nous stockons sur votre ordinateur ou votre appareil mobile lorsque vous visitez le site &hellip; Continue reading &quot;Politique en mati\u00e8re de cookies&quot;\" \/>\n<meta property=\"og:url\" content=\"https:\/\/www.christiesrealestatebelgium.be\/fr\/politique-en-matiere-de-cookies\/\" \/>\n<meta property=\"og:site_name\" content=\"Christie\u2019s International Real Estate Belgium\" \/>\n<meta property=\"article:publisher\" content=\"https:\/\/www.facebook.com\/christiesrealestatebelgium\" \/>\n<meta property=\"article:modified_time\" content=\"2026-02-03T10:38:10+00:00\" \/>\n<meta name=\"twitter:card\" content=\"summary_large_image\" \/>\n<meta name=\"twitter:label1\" content=\"Dur\u00e9e de lecture estim\u00e9e\" \/>\n\t<meta name=\"twitter:data1\" content=\"4 minutes\" \/>\n<script type=\"application\/ld+json\" class=\"yoast-schema-graph\">{\"@context\":\"https:\\\/\\\/schema.org\",\"@graph\":[{\"@type\":\"WebPage\",\"@id\":\"https:\\\/\\\/www.christiesrealestatebelgium.be\\\/fr\\\/politique-en-matiere-de-cookies\\\/\",\"url\":\"https:\\\/\\\/www.christiesrealestatebelgium.be\\\/fr\\\/politique-en-matiere-de-cookies\\\/\",\"name\":\"Politique en mati\u00e8re de cookies - Christie\u2019s International Real Estate Belgium\",\"isPartOf\":{\"@id\":\"https:\\\/\\\/www.christiesrealestatebelgium.be\\\/fr\\\/#website\"},\"datePublished\":\"2026-02-03T09:35:46+00:00\",\"dateModified\":\"2026-02-03T10:38:10+00:00\",\"breadcrumb\":{\"@id\":\"https:\\\/\\\/www.christiesrealestatebelgium.be\\\/fr\\\/politique-en-matiere-de-cookies\\\/#breadcrumb\"},\"inLanguage\":\"fr-FR\",\"potentialAction\":[{\"@type\":\"ReadAction\",\"target\":[\"https:\\\/\\\/www.christiesrealestatebelgium.be\\\/fr\\\/politique-en-matiere-de-cookies\\\/\"]}]},{\"@type\":\"BreadcrumbList\",\"@id\":\"https:\\\/\\\/www.christiesrealestatebelgium.be\\\/fr\\\/politique-en-matiere-de-cookies\\\/#breadcrumb\",\"itemListElement\":[{\"@type\":\"ListItem\",\"position\":1,\"name\":\"Home\",\"item\":\"https:\\\/\\\/www.christiesrealestatebelgium.be\\\/fr\\\/\"},{\"@type\":\"ListItem\",\"position\":2,\"name\":\"Politique en mati\u00e8re de cookies\"}]},{\"@type\":\"WebSite\",\"@id\":\"https:\\\/\\\/www.christiesrealestatebelgium.be\\\/fr\\\/#website\",\"url\":\"https:\\\/\\\/www.christiesrealestatebelgium.be\\\/fr\\\/\",\"name\":\"Christies International Real Estate Belgium\",\"description\":\"Where luxury lives\",\"publisher\":{\"@id\":\"https:\\\/\\\/www.christiesrealestatebelgium.be\\\/fr\\\/#organization\"},\"potentialAction\":[{\"@type\":\"SearchAction\",\"target\":{\"@type\":\"EntryPoint\",\"urlTemplate\":\"https:\\\/\\\/www.christiesrealestatebelgium.be\\\/fr\\\/?s={search_term_string}\"},\"query-input\":{\"@type\":\"PropertyValueSpecification\",\"valueRequired\":true,\"valueName\":\"search_term_string\"}}],\"inLanguage\":\"fr-FR\"},{\"@type\":\"Organization\",\"@id\":\"https:\\\/\\\/www.christiesrealestatebelgium.be\\\/fr\\\/#organization\",\"name\":\"Christies International Real Estate Belgium\",\"url\":\"https:\\\/\\\/www.christiesrealestatebelgium.be\\\/fr\\\/\",\"logo\":{\"@type\":\"ImageObject\",\"inLanguage\":\"fr-FR\",\"@id\":\"https:\\\/\\\/www.christiesrealestatebelgium.be\\\/fr\\\/#\\\/schema\\\/logo\\\/image\\\/\",\"url\":\"https:\\\/\\\/www.christiesrealestatebelgium.be\\\/wp-content\\\/uploads\\\/2023\\\/06\\\/logo.svg\",\"contentUrl\":\"https:\\\/\\\/www.christiesrealestatebelgium.be\\\/wp-content\\\/uploads\\\/2023\\\/06\\\/logo.svg\",\"width\":2048,\"height\":408,\"caption\":\"Christies International Real Estate Belgium\"},\"image\":{\"@id\":\"https:\\\/\\\/www.christiesrealestatebelgium.be\\\/fr\\\/#\\\/schema\\\/logo\\\/image\\\/\"},\"sameAs\":[\"https:\\\/\\\/www.facebook.com\\\/christiesrealestatebelgium\",\"https:\\\/\\\/www.linkedin.com\\\/company\\\/christiesrealestatebelgium\\\/\"]}]}<\/script>\n<!-- \/ Yoast SEO plugin. -->","yoast_head_json":{"title":"Politique en mati\u00e8re de cookies - Christie\u2019s International Real Estate Belgium","robots":{"index":"index","follow":"follow","max-snippet":"max-snippet:-1","max-image-preview":"max-image-preview:large","max-video-preview":"max-video-preview:-1"},"canonical":"https:\/\/www.christiesrealestatebelgium.be\/fr\/politique-en-matiere-de-cookies\/","og_locale":"fr_FR","og_type":"article","og_title":"Politique en mati\u00e8re de cookies - Christie\u2019s International Real Estate Belgium","og_description":"Politique en mati\u00e8re de cookies Lors d&rsquo;une visite sur le site web, des cookies sont plac\u00e9s sur le disque dur de votre ordinateur ou de votre appareil mobile. Que sont les cookies ? Un cookie est un petit fichier texte que nous stockons sur votre ordinateur ou votre appareil mobile lorsque vous visitez le site &hellip; Continue reading \"Politique en mati\u00e8re de cookies\"","og_url":"https:\/\/www.christiesrealestatebelgium.be\/fr\/politique-en-matiere-de-cookies\/","og_site_name":"Christie\u2019s International Real Estate Belgium","article_publisher":"https:\/\/www.facebook.com\/christiesrealestatebelgium","article_modified_time":"2026-02-03T10:38:10+00:00","twitter_card":"summary_large_image","twitter_misc":{"Dur\u00e9e de lecture estim\u00e9e":"4 minutes"},"schema":{"@context":"https:\/\/schema.org","@graph":[{"@type":"WebPage","@id":"https:\/\/www.christiesrealestatebelgium.be\/fr\/politique-en-matiere-de-cookies\/","url":"https:\/\/www.christiesrealestatebelgium.be\/fr\/politique-en-matiere-de-cookies\/","name":"Politique en mati\u00e8re de cookies - Christie\u2019s International Real Estate Belgium","isPartOf":{"@id":"https:\/\/www.christiesrealestatebelgium.be\/fr\/#website"},"datePublished":"2026-02-03T09:35:46+00:00","dateModified":"2026-02-03T10:38:10+00:00","breadcrumb":{"@id":"https:\/\/www.christiesrealestatebelgium.be\/fr\/politique-en-matiere-de-cookies\/#breadcrumb"},"inLanguage":"fr-FR","potentialAction":[{"@type":"ReadAction","target":["https:\/\/www.christiesrealestatebelgium.be\/fr\/politique-en-matiere-de-cookies\/"]}]},{"@type":"BreadcrumbList","@id":"https:\/\/www.christiesrealestatebelgium.be\/fr\/politique-en-matiere-de-cookies\/#breadcrumb","itemListElement":[{"@type":"ListItem","position":1,"name":"Home","item":"https:\/\/www.christiesrealestatebelgium.be\/fr\/"},{"@type":"ListItem","position":2,"name":"Politique en mati\u00e8re de cookies"}]},{"@type":"WebSite","@id":"https:\/\/www.christiesrealestatebelgium.be\/fr\/#website","url":"https:\/\/www.christiesrealestatebelgium.be\/fr\/","name":"Christies International Real Estate Belgium","description":"Where luxury lives","publisher":{"@id":"https:\/\/www.christiesrealestatebelgium.be\/fr\/#organization"},"potentialAction":[{"@type":"SearchAction","target":{"@type":"EntryPoint","urlTemplate":"https:\/\/www.christiesrealestatebelgium.be\/fr\/?s={search_term_string}"},"query-input":{"@type":"PropertyValueSpecification","valueRequired":true,"valueName":"search_term_string"}}],"inLanguage":"fr-FR"},{"@type":"Organization","@id":"https:\/\/www.christiesrealestatebelgium.be\/fr\/#organization","name":"Christies International Real Estate Belgium","url":"https:\/\/www.christiesrealestatebelgium.be\/fr\/","logo":{"@type":"ImageObject","inLanguage":"fr-FR","@id":"https:\/\/www.christiesrealestatebelgium.be\/fr\/#\/schema\/logo\/image\/","url":"https:\/\/www.christiesrealestatebelgium.be\/wp-content\/uploads\/2023\/06\/logo.svg","contentUrl":"https:\/\/www.christiesrealestatebelgium.be\/wp-content\/uploads\/2023\/06\/logo.svg","width":2048,"height":408,"caption":"Christies International Real Estate Belgium"},"image":{"@id":"https:\/\/www.christiesrealestatebelgium.be\/fr\/#\/schema\/logo\/image\/"},"sameAs":["https:\/\/www.facebook.com\/christiesrealestatebelgium","https:\/\/www.linkedin.com\/company\/christiesrealestatebelgium\/"]}]}},"_links":{"self":[{"href":"https:\/\/www.christiesrealestatebelgium.be\/fr\/wp-json\/wp\/v2\/pages\/68404","targetHints":{"allow":["GET"]}}],"collection":[{"href":"https:\/\/www.christiesrealestatebelgium.be\/fr\/wp-json\/wp\/v2\/pages"}],"about":[{"href":"https:\/\/www.christiesrealestatebelgium.be\/fr\/wp-json\/wp\/v2\/types\/page"}],"author":[{"embeddable":true,"href":"https:\/\/www.christiesrealestatebelgium.be\/fr\/wp-json\/wp\/v2\/users\/3"}],"replies":[{"embeddable":true,"href":"https:\/\/www.christiesrealestatebelgium.be\/fr\/wp-json\/wp\/v2\/comments?post=68404"}],"version-history":[{"count":6,"href":"https:\/\/www.christiesrealestatebelgium.be\/fr\/wp-json\/wp\/v2\/pages\/68404\/revisions"}],"predecessor-version":[{"id":68410,"href":"https:\/\/www.christiesrealestatebelgium.be\/fr\/wp-json\/wp\/v2\/pages\/68404\/revisions\/68410"}],"wp:attachment":[{"href":"https:\/\/www.christiesrealestatebelgium.be\/fr\/wp-json\/wp\/v2\/media?parent=68404"}],"curies":[{"name":"wp","href":"https:\/\/api.w.org\/{rel}","templated":true}]}}