{"id":46752,"date":"2023-06-28T12:08:34","date_gmt":"2023-06-28T12:08:34","guid":{"rendered":"https:\/\/www.christiesrealestatebelgium.be\/clause-de-non-responsabilite\/"},"modified":"2023-07-12T11:45:47","modified_gmt":"2023-07-12T11:45:47","slug":"clause-de-non-responsabilite","status":"publish","type":"page","link":"https:\/\/www.christiesrealestatebelgium.be\/fr\/clause-de-non-responsabilite\/","title":{"rendered":"Clause de non-responsabilit\u00e9"},"content":{"rendered":"\t\t<div data-elementor-type=\"wp-page\" data-elementor-id=\"46752\" class=\"elementor elementor-46752 elementor-46379\" data-elementor-post-type=\"page\">\n\t\t\t\t<div class=\"elementor-element elementor-element-9023119 e-flex e-con-boxed e-con e-parent\" data-id=\"9023119\" data-element_type=\"container\" data-e-type=\"container\">\n\t\t\t\t\t<div class=\"e-con-inner\">\n\t\t\t\t<div class=\"elementor-element elementor-element-237ef58 elementor-widget elementor-widget-heading\" data-id=\"237ef58\" data-element_type=\"widget\" data-e-type=\"widget\" data-widget_type=\"heading.default\">\n\t\t\t\t<div class=\"elementor-widget-container\">\n\t\t\t\t\t<h1 class=\"elementor-heading-title elementor-size-default\">Clause de non-responsabilit\u00e9<\/h1>\t\t\t\t<\/div>\n\t\t\t\t<\/div>\n\t\t\t\t<div class=\"elementor-element elementor-element-cc2b7f5 elementor-widget elementor-widget-text-editor\" data-id=\"cc2b7f5\" data-element_type=\"widget\" data-e-type=\"widget\" data-widget_type=\"text-editor.default\">\n\t\t\t\t<div class=\"elementor-widget-container\">\n\t\t\t\t\t\t\t\t\t<p>www.christiesrealestatebelgium.be est d\u00e9tenu et g\u00e9r\u00e9 avec soin par Hillewaere Vastgoed NV. Le site est donc r\u00e9guli\u00e8rement et automatiquement mis \u00e0 jour. Hillewaere Vastgoed NV ne donne aucune garantie quant \u00e0 l&rsquo;exhaustivit\u00e9 et \u00e0 l&rsquo;exactitude, ainsi qu&rsquo;\u00e0 l&rsquo;actualit\u00e9 des donn\u00e9es relatives aux biens immobiliers et des autres informations figurant sur ce site web. Hillewaere Vastgoed NV d\u00e9cline toute responsabilit\u00e9 concernant les informations contenues dans les sites web li\u00e9s. Hillewaere Vastgoed NV et ses soci\u00e9t\u00e9s affili\u00e9es ne peuvent \u00eatre tenues responsables du contenu du site web ainsi que de l&rsquo;utilisation ou des cons\u00e9quences de l&rsquo;utilisation des informations par des tiers. Aucun droit ne peut \u00eatre tir\u00e9 des informations disponibles sur le site <a href=\"http:\/\/www.hillewaere.be\/\">www.hillewaere.be<\/a>&nbsp;. La mention et les r\u00e9f\u00e9rences aux prix et aux actions dans le cadre de la vente ou de la location de biens immobiliers, ainsi que dans le cadre des services fournis par Hillewaere Vastgoed NV, sont toujours informatives. Aucun droit ne peut en d\u00e9couler.<\/p>\n<p>Souhaitez-vous que vos donn\u00e9es soient modifi\u00e9es ou supprim\u00e9es ? Veuillez&nbsp;<a href=\"https:\/\/www.hillewaere-vastgoed.be\/contact\">nous contacter<\/a>.<\/p>\t\t\t\t\t\t\t\t<\/div>\n\t\t\t\t<\/div>\n\t\t\t\t\t<\/div>\n\t\t\t\t<\/div>\n\t\t\t\t<\/div>\n\t\t","protected":false},"excerpt":{"rendered":"<p>Clause de non-responsabilit\u00e9 www.christiesrealestatebelgium.be est d\u00e9tenu et g\u00e9r\u00e9 avec soin par Hillewaere Vastgoed NV. Le site est donc r\u00e9guli\u00e8rement et automatiquement mis \u00e0 jour. Hillewaere Vastgoed NV ne donne aucune garantie quant \u00e0 l&rsquo;exhaustivit\u00e9 et \u00e0 l&rsquo;exactitude, ainsi qu&rsquo;\u00e0 l&rsquo;actualit\u00e9 des donn\u00e9es relatives aux biens immobiliers et des autres informations figurant sur ce site web. &hellip; <a href=\"https:\/\/www.christiesrealestatebelgium.be\/fr\/clause-de-non-responsabilite\/\" class=\"more-link\">Continue reading<span class=\"screen-reader-text\"> \u00ab\u00a0Clause de non-responsabilit\u00e9\u00a0\u00bb<\/span><\/a><\/p>\n","protected":false},"author":2,"featured_media":0,"parent":0,"menu_order":0,"comment_status":"closed","ping_status":"closed","template":"","meta":{"_acf_changed":false,"_genesis_title":"","_genesis_description":"","footnotes":""},"class_list":["post-46752","page","type-page","status-publish","hentry"],"acf":[],"meta_all":[],"meta_all_flat":[],"yoast_head":"<!-- This site is optimized with the Yoast SEO plugin v27.4 - https:\/\/yoast.com\/product\/yoast-seo-wordpress\/ -->\n<title>Clause de non-responsabilit\u00e9 - Christie\u2019s International Real Estate Belgium<\/title>\n<meta name=\"robots\" content=\"index, follow, max-snippet:-1, max-image-preview:large, max-video-preview:-1\" \/>\n<link rel=\"canonical\" href=\"https:\/\/www.christiesrealestatebelgium.be\/fr\/clause-de-non-responsabilite\/\" \/>\n<meta property=\"og:locale\" content=\"fr_FR\" \/>\n<meta property=\"og:type\" content=\"article\" \/>\n<meta property=\"og:title\" content=\"Clause de non-responsabilit\u00e9 - Christie\u2019s International Real Estate Belgium\" \/>\n<meta property=\"og:description\" content=\"Clause de non-responsabilit\u00e9 www.christiesrealestatebelgium.be est d\u00e9tenu et g\u00e9r\u00e9 avec soin par Hillewaere Vastgoed NV. Le site est donc r\u00e9guli\u00e8rement et automatiquement mis \u00e0 jour. Hillewaere Vastgoed NV ne donne aucune garantie quant \u00e0 l&rsquo;exhaustivit\u00e9 et \u00e0 l&rsquo;exactitude, ainsi qu&rsquo;\u00e0 l&rsquo;actualit\u00e9 des donn\u00e9es relatives aux biens immobiliers et des autres informations figurant sur ce site web. &hellip; Continue reading &quot;Clause de non-responsabilit\u00e9&quot;\" \/>\n<meta property=\"og:url\" content=\"https:\/\/www.christiesrealestatebelgium.be\/fr\/clause-de-non-responsabilite\/\" \/>\n<meta property=\"og:site_name\" content=\"Christie\u2019s International Real Estate Belgium\" \/>\n<meta property=\"article:publisher\" content=\"https:\/\/www.facebook.com\/christiesrealestatebelgium\" \/>\n<meta property=\"article:modified_time\" content=\"2023-07-12T11:45:47+00:00\" \/>\n<meta name=\"twitter:card\" content=\"summary_large_image\" \/>\n<meta name=\"twitter:label1\" content=\"Dur\u00e9e de lecture estim\u00e9e\" \/>\n\t<meta name=\"twitter:data1\" content=\"1 minute\" \/>\n<script type=\"application\/ld+json\" class=\"yoast-schema-graph\">{\"@context\":\"https:\\\/\\\/schema.org\",\"@graph\":[{\"@type\":\"WebPage\",\"@id\":\"https:\\\/\\\/www.christiesrealestatebelgium.be\\\/fr\\\/clause-de-non-responsabilite\\\/\",\"url\":\"https:\\\/\\\/www.christiesrealestatebelgium.be\\\/fr\\\/clause-de-non-responsabilite\\\/\",\"name\":\"Clause de non-responsabilit\u00e9 - Christie\u2019s International Real Estate Belgium\",\"isPartOf\":{\"@id\":\"https:\\\/\\\/www.christiesrealestatebelgium.be\\\/fr\\\/#website\"},\"datePublished\":\"2023-06-28T12:08:34+00:00\",\"dateModified\":\"2023-07-12T11:45:47+00:00\",\"breadcrumb\":{\"@id\":\"https:\\\/\\\/www.christiesrealestatebelgium.be\\\/fr\\\/clause-de-non-responsabilite\\\/#breadcrumb\"},\"inLanguage\":\"fr-FR\",\"potentialAction\":[{\"@type\":\"ReadAction\",\"target\":[\"https:\\\/\\\/www.christiesrealestatebelgium.be\\\/fr\\\/clause-de-non-responsabilite\\\/\"]}]},{\"@type\":\"BreadcrumbList\",\"@id\":\"https:\\\/\\\/www.christiesrealestatebelgium.be\\\/fr\\\/clause-de-non-responsabilite\\\/#breadcrumb\",\"itemListElement\":[{\"@type\":\"ListItem\",\"position\":1,\"name\":\"Home\",\"item\":\"https:\\\/\\\/www.christiesrealestatebelgium.be\\\/fr\\\/\"},{\"@type\":\"ListItem\",\"position\":2,\"name\":\"Clause de non-responsabilit\u00e9\"}]},{\"@type\":\"WebSite\",\"@id\":\"https:\\\/\\\/www.christiesrealestatebelgium.be\\\/fr\\\/#website\",\"url\":\"https:\\\/\\\/www.christiesrealestatebelgium.be\\\/fr\\\/\",\"name\":\"Christies International Real Estate Belgium\",\"description\":\"Where luxury lives\",\"publisher\":{\"@id\":\"https:\\\/\\\/www.christiesrealestatebelgium.be\\\/fr\\\/#organization\"},\"potentialAction\":[{\"@type\":\"SearchAction\",\"target\":{\"@type\":\"EntryPoint\",\"urlTemplate\":\"https:\\\/\\\/www.christiesrealestatebelgium.be\\\/fr\\\/?s={search_term_string}\"},\"query-input\":{\"@type\":\"PropertyValueSpecification\",\"valueRequired\":true,\"valueName\":\"search_term_string\"}}],\"inLanguage\":\"fr-FR\"},{\"@type\":\"Organization\",\"@id\":\"https:\\\/\\\/www.christiesrealestatebelgium.be\\\/fr\\\/#organization\",\"name\":\"Christies International Real Estate Belgium\",\"url\":\"https:\\\/\\\/www.christiesrealestatebelgium.be\\\/fr\\\/\",\"logo\":{\"@type\":\"ImageObject\",\"inLanguage\":\"fr-FR\",\"@id\":\"https:\\\/\\\/www.christiesrealestatebelgium.be\\\/fr\\\/#\\\/schema\\\/logo\\\/image\\\/\",\"url\":\"https:\\\/\\\/www.christiesrealestatebelgium.be\\\/wp-content\\\/uploads\\\/2023\\\/06\\\/logo.svg\",\"contentUrl\":\"https:\\\/\\\/www.christiesrealestatebelgium.be\\\/wp-content\\\/uploads\\\/2023\\\/06\\\/logo.svg\",\"width\":2048,\"height\":408,\"caption\":\"Christies International Real Estate Belgium\"},\"image\":{\"@id\":\"https:\\\/\\\/www.christiesrealestatebelgium.be\\\/fr\\\/#\\\/schema\\\/logo\\\/image\\\/\"},\"sameAs\":[\"https:\\\/\\\/www.facebook.com\\\/christiesrealestatebelgium\",\"https:\\\/\\\/www.linkedin.com\\\/company\\\/christiesrealestatebelgium\\\/\"]}]}<\/script>\n<!-- \/ Yoast SEO plugin. -->","yoast_head_json":{"title":"Clause de non-responsabilit\u00e9 - Christie\u2019s International Real Estate Belgium","robots":{"index":"index","follow":"follow","max-snippet":"max-snippet:-1","max-image-preview":"max-image-preview:large","max-video-preview":"max-video-preview:-1"},"canonical":"https:\/\/www.christiesrealestatebelgium.be\/fr\/clause-de-non-responsabilite\/","og_locale":"fr_FR","og_type":"article","og_title":"Clause de non-responsabilit\u00e9 - Christie\u2019s International Real Estate Belgium","og_description":"Clause de non-responsabilit\u00e9 www.christiesrealestatebelgium.be est d\u00e9tenu et g\u00e9r\u00e9 avec soin par Hillewaere Vastgoed NV. Le site est donc r\u00e9guli\u00e8rement et automatiquement mis \u00e0 jour. Hillewaere Vastgoed NV ne donne aucune garantie quant \u00e0 l&rsquo;exhaustivit\u00e9 et \u00e0 l&rsquo;exactitude, ainsi qu&rsquo;\u00e0 l&rsquo;actualit\u00e9 des donn\u00e9es relatives aux biens immobiliers et des autres informations figurant sur ce site web. &hellip; Continue reading \"Clause de non-responsabilit\u00e9\"","og_url":"https:\/\/www.christiesrealestatebelgium.be\/fr\/clause-de-non-responsabilite\/","og_site_name":"Christie\u2019s International Real Estate Belgium","article_publisher":"https:\/\/www.facebook.com\/christiesrealestatebelgium","article_modified_time":"2023-07-12T11:45:47+00:00","twitter_card":"summary_large_image","twitter_misc":{"Dur\u00e9e de lecture estim\u00e9e":"1 minute"},"schema":{"@context":"https:\/\/schema.org","@graph":[{"@type":"WebPage","@id":"https:\/\/www.christiesrealestatebelgium.be\/fr\/clause-de-non-responsabilite\/","url":"https:\/\/www.christiesrealestatebelgium.be\/fr\/clause-de-non-responsabilite\/","name":"Clause de non-responsabilit\u00e9 - Christie\u2019s International Real Estate Belgium","isPartOf":{"@id":"https:\/\/www.christiesrealestatebelgium.be\/fr\/#website"},"datePublished":"2023-06-28T12:08:34+00:00","dateModified":"2023-07-12T11:45:47+00:00","breadcrumb":{"@id":"https:\/\/www.christiesrealestatebelgium.be\/fr\/clause-de-non-responsabilite\/#breadcrumb"},"inLanguage":"fr-FR","potentialAction":[{"@type":"ReadAction","target":["https:\/\/www.christiesrealestatebelgium.be\/fr\/clause-de-non-responsabilite\/"]}]},{"@type":"BreadcrumbList","@id":"https:\/\/www.christiesrealestatebelgium.be\/fr\/clause-de-non-responsabilite\/#breadcrumb","itemListElement":[{"@type":"ListItem","position":1,"name":"Home","item":"https:\/\/www.christiesrealestatebelgium.be\/fr\/"},{"@type":"ListItem","position":2,"name":"Clause de non-responsabilit\u00e9"}]},{"@type":"WebSite","@id":"https:\/\/www.christiesrealestatebelgium.be\/fr\/#website","url":"https:\/\/www.christiesrealestatebelgium.be\/fr\/","name":"Christies International Real Estate Belgium","description":"Where luxury lives","publisher":{"@id":"https:\/\/www.christiesrealestatebelgium.be\/fr\/#organization"},"potentialAction":[{"@type":"SearchAction","target":{"@type":"EntryPoint","urlTemplate":"https:\/\/www.christiesrealestatebelgium.be\/fr\/?s={search_term_string}"},"query-input":{"@type":"PropertyValueSpecification","valueRequired":true,"valueName":"search_term_string"}}],"inLanguage":"fr-FR"},{"@type":"Organization","@id":"https:\/\/www.christiesrealestatebelgium.be\/fr\/#organization","name":"Christies International Real Estate Belgium","url":"https:\/\/www.christiesrealestatebelgium.be\/fr\/","logo":{"@type":"ImageObject","inLanguage":"fr-FR","@id":"https:\/\/www.christiesrealestatebelgium.be\/fr\/#\/schema\/logo\/image\/","url":"https:\/\/www.christiesrealestatebelgium.be\/wp-content\/uploads\/2023\/06\/logo.svg","contentUrl":"https:\/\/www.christiesrealestatebelgium.be\/wp-content\/uploads\/2023\/06\/logo.svg","width":2048,"height":408,"caption":"Christies International Real Estate Belgium"},"image":{"@id":"https:\/\/www.christiesrealestatebelgium.be\/fr\/#\/schema\/logo\/image\/"},"sameAs":["https:\/\/www.facebook.com\/christiesrealestatebelgium","https:\/\/www.linkedin.com\/company\/christiesrealestatebelgium\/"]}]}},"_links":{"self":[{"href":"https:\/\/www.christiesrealestatebelgium.be\/fr\/wp-json\/wp\/v2\/pages\/46752","targetHints":{"allow":["GET"]}}],"collection":[{"href":"https:\/\/www.christiesrealestatebelgium.be\/fr\/wp-json\/wp\/v2\/pages"}],"about":[{"href":"https:\/\/www.christiesrealestatebelgium.be\/fr\/wp-json\/wp\/v2\/types\/page"}],"author":[{"embeddable":true,"href":"https:\/\/www.christiesrealestatebelgium.be\/fr\/wp-json\/wp\/v2\/users\/2"}],"replies":[{"embeddable":true,"href":"https:\/\/www.christiesrealestatebelgium.be\/fr\/wp-json\/wp\/v2\/comments?post=46752"}],"version-history":[{"count":3,"href":"https:\/\/www.christiesrealestatebelgium.be\/fr\/wp-json\/wp\/v2\/pages\/46752\/revisions"}],"predecessor-version":[{"id":46755,"href":"https:\/\/www.christiesrealestatebelgium.be\/fr\/wp-json\/wp\/v2\/pages\/46752\/revisions\/46755"}],"wp:attachment":[{"href":"https:\/\/www.christiesrealestatebelgium.be\/fr\/wp-json\/wp\/v2\/media?parent=46752"}],"curies":[{"name":"wp","href":"https:\/\/api.w.org\/{rel}","templated":true}]}}