{"id":46425,"date":"2023-05-22T11:01:04","date_gmt":"2023-05-22T11:01:04","guid":{"rendered":"https:\/\/christiesrealestatebelgium.be\/contact\/"},"modified":"2026-02-03T10:33:35","modified_gmt":"2026-02-03T10:33:35","slug":"contact","status":"publish","type":"page","link":"https:\/\/www.christiesrealestatebelgium.be\/fr\/contact\/","title":{"rendered":"Contact"},"content":{"rendered":"\t\t<div data-elementor-type=\"wp-page\" data-elementor-id=\"46425\" class=\"elementor elementor-46425 elementor-19887\" data-elementor-post-type=\"page\">\n\t\t\t\t<div class=\"elementor-element elementor-element-79bd882 e-flex e-con-boxed e-con e-parent\" data-id=\"79bd882\" data-element_type=\"container\" data-e-type=\"container\" data-settings=\"{&quot;background_background&quot;:&quot;classic&quot;}\">\n\t\t\t\t\t<div class=\"e-con-inner\">\n\t\t\t\t<div class=\"elementor-element elementor-element-7dfb07f elementor-widget elementor-widget-heading\" data-id=\"7dfb07f\" data-element_type=\"widget\" data-e-type=\"widget\" data-widget_type=\"heading.default\">\n\t\t\t\t<div class=\"elementor-widget-container\">\n\t\t\t\t\t<h1 class=\"elementor-heading-title elementor-size-default\">Bienvenue <\/h1>\t\t\t\t<\/div>\n\t\t\t\t<\/div>\n\t\t\t\t<div class=\"elementor-element elementor-element-fe432e0 elementor-widget elementor-widget-heading\" data-id=\"fe432e0\" data-element_type=\"widget\" data-e-type=\"widget\" data-widget_type=\"heading.default\">\n\t\t\t\t<div class=\"elementor-widget-container\">\n\t\t\t\t\t<h6 class=\"elementor-heading-title elementor-size-default\">D\u00e9couvrez nos bureaux.<\/h6>\t\t\t\t<\/div>\n\t\t\t\t<\/div>\n\t\t\t\t\t<\/div>\n\t\t\t\t<\/div>\n\t\t<div class=\"elementor-element elementor-element-0f94d16 e-con-full e-flex e-con e-parent\" data-id=\"0f94d16\" data-element_type=\"container\" data-e-type=\"container\">\n\t\t\t\t<div class=\"elementor-element elementor-element-4626ef4 elementor-widget elementor-widget-spacer\" data-id=\"4626ef4\" data-element_type=\"widget\" data-e-type=\"widget\" data-widget_type=\"spacer.default\">\n\t\t\t\t<div class=\"elementor-widget-container\">\n\t\t\t\t\t\t\t<div class=\"elementor-spacer\">\n\t\t\t<div class=\"elementor-spacer-inner\"><\/div>\n\t\t<\/div>\n\t\t\t\t\t\t<\/div>\n\t\t\t\t<\/div>\n\t\t\t\t<\/div>\n\t\t<div class=\"elementor-element elementor-element-8b352d8 e-flex e-con-boxed e-con e-parent\" data-id=\"8b352d8\" data-element_type=\"container\" data-e-type=\"container\">\n\t\t\t\t\t<div class=\"e-con-inner\">\n\t\t\t\t<div class=\"elementor-element elementor-element-b9104e4 elementor-widget elementor-widget-heading\" data-id=\"b9104e4\" data-element_type=\"widget\" data-e-type=\"widget\" data-widget_type=\"heading.default\">\n\t\t\t\t<div class=\"elementor-widget-container\">\n\t\t\t\t\t<h3 class=\"elementor-heading-title elementor-size-default\">Expertise r\u00e9gionale<\/h3>\t\t\t\t<\/div>\n\t\t\t\t<\/div>\n\t\t\t\t<div class=\"elementor-element elementor-element-2da225c elementor-widget elementor-widget-text-editor\" data-id=\"2da225c\" data-element_type=\"widget\" data-e-type=\"widget\" data-widget_type=\"text-editor.default\">\n\t\t\t\t<div class=\"elementor-widget-container\">\n\t\t\t\t\t\t\t\t\t<p>Christie&rsquo;s Real Estate Belgium est pr\u00e9sent sur tout le territoire belge en s&rsquo;appuyant sur un r\u00e9seau d&rsquo;agences locales soigneusement s\u00e9lectionn\u00e9es. Dans chaque bureau nos agents auront \u00e0 c\u0153ur de travailler au quotidien avec vous pour vous fournir le service le plus personnalis\u00e9 r\u00e9pondant \u00e0 tous vos besoins et \u00e0 toutes vos aspirations. <\/p>\n\t\t\t\t\t\t\t\t<\/div>\n\t\t\t\t<\/div>\n\t\t\t\t\t<\/div>\n\t\t\t\t<\/div>\n\t\t<div class=\"elementor-element elementor-element-cff8e05 e-con-full e-flex e-con e-parent\" data-id=\"cff8e05\" data-element_type=\"container\" data-e-type=\"container\">\n\t\t\t\t<div class=\"elementor-element elementor-element-9776488 elementor-widget elementor-widget-shortcode\" data-id=\"9776488\" data-element_type=\"widget\" data-e-type=\"widget\" data-widget_type=\"shortcode.default\">\n\t\t\t\t<div class=\"elementor-widget-container\">\n\t\t\t\t\t\t\t<div class=\"elementor-shortcode\"><div class=\"loc-wrap\">\n  <div class=\"loc-inner max-width\"><div class=\"loc-bl\">\n      <div class=\"loc-img\" style=\"background-image: url(https:\/\/www.christiesrealestatebelgium.be\/wp-content\/uploads\/2023\/06\/iStock-1472310031-768x512.jpg)\"> \n      <\/div>\n      <div class=\"loc-content\">\n        <div class=\"loc-location\">\n          REGION ANVERS\n        <\/div>\n        <div class=\"loc-title\">\n          Christie&rsquo;s Belgium Anvers\n        <\/div>\n        <div class=\"loc-phone\">\n          <a href=\"tel:+32 (0)3 337 38 34\">+32 (0)3 337 38 34<\/a>\n        <\/div>\n        <div class=\"loc-email\">\n          <a href=\"mailto:antwerp@christiesrealestatebelgium.be \">antwerp@christiesrealestatebelgium.be <\/a> \n        <\/div>\n        <div class=\"loc-rm\">\n          <a class=\"btn\" href=\"https:\/\/www.christiesrealestatebelgium.be\/fr\/location\/christies-belgium-anvers\/\">Voir le bureau<\/a> \n        <\/div>\n      <\/div>\n    <\/div><div class=\"loc-bl\">\n      <div class=\"loc-img\" style=\"background-image: url(https:\/\/www.christiesrealestatebelgium.be\/wp-content\/uploads\/2024\/06\/iStock-619273108-768x513.jpg)\"> \n      <\/div>\n      <div class=\"loc-content\">\n        <div class=\"loc-location\">\n          REGION BRUXELLES\n        <\/div>\n        <div class=\"loc-title\">\n          Christie\u2019s Belgium Bruxelles\n        <\/div>\n        <div class=\"loc-phone\">\n          <a href=\"tel:+32 (0)2 808 03 64\">+32 (0)2 808 03 64<\/a>\n        <\/div>\n        <div class=\"loc-email\">\n          <a href=\"mailto:brussels@christiesrealestatebelgium.be\">brussels@christiesrealestatebelgium.be<\/a> \n        <\/div>\n        <div class=\"loc-rm\">\n          <a class=\"btn\" href=\"https:\/\/www.christiesrealestatebelgium.be\/fr\/location\/christies-belgium-bruxelles-brabant-wallon-wallonie\/\">Voir le bureau<\/a> \n        <\/div>\n      <\/div>\n    <\/div><div class=\"loc-bl\">\n      <div class=\"loc-img\" style=\"background-image: url(https:\/\/www.christiesrealestatebelgium.be\/wp-content\/uploads\/2023\/06\/AdobeStock_320669734-1-768x512.jpeg)\"> \n      <\/div>\n      <div class=\"loc-content\">\n        <div class=\"loc-location\">\n          REGION LIMBOURG \n        <\/div>\n        <div class=\"loc-title\">\n          Christie&rsquo;s Belgium Limbourg\n        <\/div>\n        <div class=\"loc-phone\">\n          <a href=\"tel:+32 (0)11 36 86 86\">+32 (0)11 36 86 86<\/a>\n        <\/div>\n        <div class=\"loc-email\">\n          <a href=\"mailto:limburg@christiesrealestatebelgium.be \">limburg@christiesrealestatebelgium.be <\/a> \n        <\/div>\n        <div class=\"loc-rm\">\n          <a class=\"btn\" href=\"https:\/\/www.christiesrealestatebelgium.be\/fr\/location\/christies-belgium-limborug\/\">Voir le bureau<\/a> \n        <\/div>\n      <\/div>\n    <\/div><div class=\"loc-bl\">\n      <div class=\"loc-img\" style=\"background-image: url(https:\/\/www.christiesrealestatebelgium.be\/wp-content\/uploads\/2025\/11\/Knokke-1125-768x512.jpg)\"> \n      <\/div>\n      <div class=\"loc-content\">\n        <div class=\"loc-location\">\n          \n        <\/div>\n        <div class=\"loc-title\">\n          Christie\u2019s Belgium Knokke\n        <\/div>\n        <div class=\"loc-phone\">\n          <a href=\"tel:+32 (0)50 62 53 62\">+32 (0)50 62 53 62<\/a>\n        <\/div>\n        <div class=\"loc-email\">\n          <a href=\"mailto:knokke@christiesrealestatebelgium.be\">knokke@christiesrealestatebelgium.be<\/a> \n        <\/div>\n        <div class=\"loc-rm\">\n          <a class=\"btn\" href=\"https:\/\/www.christiesrealestatebelgium.be\/fr\/location\/christies-belgium-knokke\/\">Voir le bureau<\/a> \n        <\/div>\n      <\/div>\n    <\/div><div class=\"loc-bl\">\n      <div class=\"loc-img\" style=\"background-image: url(https:\/\/www.christiesrealestatebelgium.be\/wp-content\/uploads\/2023\/06\/iStock-1389624800-768x490.jpg)\"> \n      <\/div>\n      <div class=\"loc-content\">\n        <div class=\"loc-location\">\n          REGION FLANDRE EST & OUEST\n        <\/div>\n        <div class=\"loc-title\">\n          Christie&rsquo;s Belgium Flandre Est &amp; Ouest\n        <\/div>\n        <div class=\"loc-phone\">\n          <a href=\"tel:+32 (0)9 395 16 16\">+32 (0)9 395 16 16<\/a>\n        <\/div>\n        <div class=\"loc-email\">\n          <a href=\"mailto:owvl@christiesrealestatebelgium.be\">owvl@christiesrealestatebelgium.be<\/a> \n        <\/div>\n        <div class=\"loc-rm\">\n          <a class=\"btn\" href=\"https:\/\/www.christiesrealestatebelgium.be\/fr\/location\/christies-belgium-flandre-orientale-et-occidentale\/\">Voir le bureau<\/a> \n        <\/div>\n      <\/div>\n    <\/div><div class=\"loc-bl\">\n      <div class=\"loc-img\" style=\"background-image: url(https:\/\/www.christiesrealestatebelgium.be\/wp-content\/uploads\/2023\/06\/iStock-619273108-768x532.jpg)\"> \n      <\/div>\n      <div class=\"loc-content\">\n        <div class=\"loc-location\">\n          REGION BRABANT FLAMAND\n        <\/div>\n        <div class=\"loc-title\">\n          Christie&rsquo;s Belgium Brabant Flamand\n        <\/div>\n        <div class=\"loc-phone\">\n          <a href=\"tel:+32 (0)15 69 59 59\">+32 (0)15 69 59 59<\/a>\n        <\/div>\n        <div class=\"loc-email\">\n          <a href=\"mailto:vlbrabant@christiesrealestatebelgium.be\">vlbrabant@christiesrealestatebelgium.be<\/a> \n        <\/div>\n        <div class=\"loc-rm\">\n          <a class=\"btn\" href=\"https:\/\/www.christiesrealestatebelgium.be\/fr\/location\/christies-belgium-brabant-flamand-et-bruxelles\/\">Voir le bureau<\/a> \n        <\/div>\n      <\/div>\n    <\/div><div class=\"loc-bl\">\n      <div class=\"loc-img\" style=\"background-image: url(https:\/\/www.christiesrealestatebelgium.be\/wp-content\/uploads\/2025\/09\/AdobeStock_259578658-768x576.jpeg)\"> \n      <\/div>\n      <div class=\"loc-content\">\n        <div class=\"loc-location\">\n          R\u00e9gion Brabant Wallon et Wallonie\n        <\/div>\n        <div class=\"loc-title\">\n          R\u00e9gion Brabant Wallon et Wallonie\n        <\/div>\n        <div class=\"loc-phone\">\n          <a href=\"tel:+32 (0)2 880 15 17\">+32 (0)2 880 15 17<\/a>\n        <\/div>\n        <div class=\"loc-email\">\n          <a href=\"mailto:waterloo@christiesrealestatebelgium.be\">waterloo@christiesrealestatebelgium.be<\/a> \n        <\/div>\n        <div class=\"loc-rm\">\n          <a class=\"btn\" href=\"https:\/\/www.christiesrealestatebelgium.be\/fr\/location\/59849\/\">Voir le bureau<\/a> \n        <\/div>\n      <\/div>\n    <\/div><div class=\"loc-bl\">\n      <div class=\"loc-img\" style=\"background-image: url(https:\/\/www.christiesrealestatebelgium.be\/wp-content\/uploads\/2024\/04\/AdobeStock_184908326-768x513.jpeg)\"> \n      <\/div>\n      <div class=\"loc-content\">\n        <div class=\"loc-location\">\n          PROPRIETE EQUESTRE\n        <\/div>\n        <div class=\"loc-title\">\n          Christie&rsquo;s Belgium Propri\u00e9t\u00e9 Equestre\n        <\/div>\n        <div class=\"loc-phone\">\n          <a href=\"tel:+32 (0)3 337 38 34\">+32 (0)3 337 38 34<\/a>\n        <\/div>\n        <div class=\"loc-email\">\n          <a href=\"mailto:equestrian@christiesrealestatebelgium.be \">equestrian@christiesrealestatebelgium.be <\/a> \n        <\/div>\n        <div class=\"loc-rm\">\n          <a class=\"btn\" href=\"https:\/\/www.christiesrealestatebelgium.be\/fr\/location\/christies-belgium-propriete-equestre\/\">Voir le bureau<\/a> \n        <\/div>\n      <\/div>\n    <\/div><\/div>\n<\/div><\/div>\n\t\t\t\t\t\t<\/div>\n\t\t\t\t<\/div>\n\t\t\t\t<\/div>\n\t\t<div class=\"elementor-element elementor-element-7b13bee e-flex e-con-boxed e-con e-parent\" data-id=\"7b13bee\" data-element_type=\"container\" data-e-type=\"container\">\n\t\t\t\t\t<div class=\"e-con-inner\">\n\t\t\t\t<div class=\"elementor-element elementor-element-c4cf31b elementor-widget elementor-widget-spacer\" data-id=\"c4cf31b\" data-element_type=\"widget\" data-e-type=\"widget\" data-widget_type=\"spacer.default\">\n\t\t\t\t<div class=\"elementor-widget-container\">\n\t\t\t\t\t\t\t<div class=\"elementor-spacer\">\n\t\t\t<div class=\"elementor-spacer-inner\"><\/div>\n\t\t<\/div>\n\t\t\t\t\t\t<\/div>\n\t\t\t\t<\/div>\n\t\t\t\t\t<\/div>\n\t\t\t\t<\/div>\n\t\t<div class=\"elementor-element elementor-element-16e8852 e-flex e-con-boxed e-con e-parent\" data-id=\"16e8852\" data-element_type=\"container\" data-e-type=\"container\">\n\t\t\t\t\t<div class=\"e-con-inner\">\n\t\t\t\t<div class=\"elementor-element elementor-element-09df40b elementor-widget elementor-widget-text-editor\" data-id=\"09df40b\" data-element_type=\"widget\" data-e-type=\"widget\" data-widget_type=\"text-editor.default\">\n\t\t\t\t<div class=\"elementor-widget-container\">\n\t\t\t\t\t\t\t\t\t<h3 style=\"text-align: center;\">Informations g\u00e9n\u00e9rales<\/h3><p>\u00a0<\/p><p style=\"text-align: center;\">Hillewaere Real Estate Brussels<br \/>Num\u00e9ro d&rsquo;entreprise 1008.898.978<br \/>Parklaan 46, 2300 Turnhout<\/p><p style=\"text-align: center;\">Hillewaere Vastgoed<br \/>TVA BE 0479.516.629<br \/>Num\u00e9ro d&rsquo;entreprise (KBO) : 0479.516.629<br \/>RPR Turnhout<br \/>agent immobilier-courtier \u2013 BIV num\u00e9ro : 501935 \u2013 Belgique<br \/>Autorit\u00e9 de surveillance : Institut professionel des agents immobiliers,<br \/>Rue de Luxembourg 16 B \u00e0 1000 Bruxelles (<a href=\"https:\/\/www.ipi.be\/\">www.biv.be<\/a>)<br \/>Num\u00e9ro de police d&rsquo;assurance : assurance RC \u2013 AXA Belgium SA num\u00e9ro de police : 730.390.160<\/p><p style=\"text-align: center;\">Soumis au <a href=\"https:\/\/www.ipi.be\/agent-immobilier-ipi\/la-deontologie-de-lagent-immobilier\">code d\u00e9ontologique de l&rsquo;IPI<\/a> : arr\u00eat\u00e9 royal du 27 septembre 2006<br \/>(portant approbation du r\u00e8glement relatif \u00e0 <a href=\"https:\/\/www.ipi.be\/connaissances-formation\/telechargements?download_type=5314\">la d\u00e9ontologie<\/a> de l&rsquo;IPI).<\/p>\t\t\t\t\t\t\t\t<\/div>\n\t\t\t\t<\/div>\n\t\t\t\t\t<\/div>\n\t\t\t\t<\/div>\n\t\t\t\t<\/div>\n\t\t","protected":false},"excerpt":{"rendered":"<p>Bienvenue D\u00e9couvrez nos bureaux. Expertise r\u00e9gionale Christie&rsquo;s Real Estate Belgium est pr\u00e9sent sur tout le territoire belge en s&rsquo;appuyant sur un r\u00e9seau d&rsquo;agences locales soigneusement s\u00e9lectionn\u00e9es. Dans chaque bureau nos agents auront \u00e0 c\u0153ur de travailler au quotidien avec vous pour vous fournir le service le plus personnalis\u00e9 r\u00e9pondant \u00e0 tous vos besoins et \u00e0 &hellip; <a href=\"https:\/\/www.christiesrealestatebelgium.be\/fr\/location\/christies-belgium-propriete-equestre\/\" class=\"more-link\">Continue reading<span class=\"screen-reader-text\"> \u00ab\u00a0Christie&rsquo;s Belgium Propri\u00e9t\u00e9 Equestre\u00a0\u00bb<\/span><\/a><\/p>\n","protected":false},"author":1,"featured_media":0,"parent":0,"menu_order":0,"comment_status":"closed","ping_status":"closed","template":"","meta":{"_acf_changed":false,"_genesis_title":"","_genesis_description":"","footnotes":""},"class_list":["post-46425","page","type-page","status-publish","hentry"],"acf":[],"meta_all":[],"meta_all_flat":[],"yoast_head":"<!-- This site is optimized with the Yoast SEO plugin v27.4 - https:\/\/yoast.com\/product\/yoast-seo-wordpress\/ -->\n<title>Contact - Christie\u2019s International Real Estate Belgium<\/title>\n<meta name=\"robots\" content=\"index, follow, max-snippet:-1, max-image-preview:large, max-video-preview:-1\" \/>\n<link rel=\"canonical\" href=\"https:\/\/www.christiesrealestatebelgium.be\/fr\/contact\/\" \/>\n<meta property=\"og:locale\" content=\"fr_FR\" \/>\n<meta property=\"og:type\" content=\"article\" \/>\n<meta property=\"og:title\" content=\"Contact - Christie\u2019s International Real Estate Belgium\" \/>\n<meta property=\"og:description\" content=\"Bienvenue D\u00e9couvrez nos bureaux. Expertise r\u00e9gionale Christie&rsquo;s Real Estate Belgium est pr\u00e9sent sur tout le territoire belge en s&rsquo;appuyant sur un r\u00e9seau d&rsquo;agences locales soigneusement s\u00e9lectionn\u00e9es. Dans chaque bureau nos agents auront \u00e0 c\u0153ur de travailler au quotidien avec vous pour vous fournir le service le plus personnalis\u00e9 r\u00e9pondant \u00e0 tous vos besoins et \u00e0 &hellip; Continue reading &quot;Christie&rsquo;s Belgium Propri\u00e9t\u00e9 Equestre&quot;\" \/>\n<meta property=\"og:url\" content=\"https:\/\/www.christiesrealestatebelgium.be\/fr\/contact\/\" \/>\n<meta property=\"og:site_name\" content=\"Christie\u2019s International Real Estate Belgium\" \/>\n<meta property=\"article:publisher\" content=\"https:\/\/www.facebook.com\/christiesrealestatebelgium\" \/>\n<meta property=\"article:modified_time\" content=\"2026-02-03T10:33:35+00:00\" \/>\n<meta name=\"twitter:card\" content=\"summary_large_image\" \/>\n<meta name=\"twitter:label1\" content=\"Dur\u00e9e de lecture estim\u00e9e\" \/>\n\t<meta name=\"twitter:data1\" content=\"1 minute\" \/>\n<script type=\"application\/ld+json\" class=\"yoast-schema-graph\">{\"@context\":\"https:\\\/\\\/schema.org\",\"@graph\":[{\"@type\":\"WebPage\",\"@id\":\"https:\\\/\\\/www.christiesrealestatebelgium.be\\\/fr\\\/contact\\\/\",\"url\":\"https:\\\/\\\/www.christiesrealestatebelgium.be\\\/fr\\\/contact\\\/\",\"name\":\"Contact - Christie\u2019s International Real Estate Belgium\",\"isPartOf\":{\"@id\":\"https:\\\/\\\/www.christiesrealestatebelgium.be\\\/fr\\\/#website\"},\"datePublished\":\"2023-05-22T11:01:04+00:00\",\"dateModified\":\"2026-02-03T10:33:35+00:00\",\"breadcrumb\":{\"@id\":\"https:\\\/\\\/www.christiesrealestatebelgium.be\\\/fr\\\/contact\\\/#breadcrumb\"},\"inLanguage\":\"fr-FR\",\"potentialAction\":[{\"@type\":\"ReadAction\",\"target\":[\"https:\\\/\\\/www.christiesrealestatebelgium.be\\\/fr\\\/contact\\\/\"]}]},{\"@type\":\"BreadcrumbList\",\"@id\":\"https:\\\/\\\/www.christiesrealestatebelgium.be\\\/fr\\\/contact\\\/#breadcrumb\",\"itemListElement\":[{\"@type\":\"ListItem\",\"position\":1,\"name\":\"Home\",\"item\":\"https:\\\/\\\/www.christiesrealestatebelgium.be\\\/fr\\\/\"},{\"@type\":\"ListItem\",\"position\":2,\"name\":\"Contact\"}]},{\"@type\":\"WebSite\",\"@id\":\"https:\\\/\\\/www.christiesrealestatebelgium.be\\\/fr\\\/#website\",\"url\":\"https:\\\/\\\/www.christiesrealestatebelgium.be\\\/fr\\\/\",\"name\":\"Christies International Real Estate Belgium\",\"description\":\"Where luxury lives\",\"publisher\":{\"@id\":\"https:\\\/\\\/www.christiesrealestatebelgium.be\\\/fr\\\/#organization\"},\"potentialAction\":[{\"@type\":\"SearchAction\",\"target\":{\"@type\":\"EntryPoint\",\"urlTemplate\":\"https:\\\/\\\/www.christiesrealestatebelgium.be\\\/fr\\\/?s={search_term_string}\"},\"query-input\":{\"@type\":\"PropertyValueSpecification\",\"valueRequired\":true,\"valueName\":\"search_term_string\"}}],\"inLanguage\":\"fr-FR\"},{\"@type\":\"Organization\",\"@id\":\"https:\\\/\\\/www.christiesrealestatebelgium.be\\\/fr\\\/#organization\",\"name\":\"Christies International Real Estate Belgium\",\"url\":\"https:\\\/\\\/www.christiesrealestatebelgium.be\\\/fr\\\/\",\"logo\":{\"@type\":\"ImageObject\",\"inLanguage\":\"fr-FR\",\"@id\":\"https:\\\/\\\/www.christiesrealestatebelgium.be\\\/fr\\\/#\\\/schema\\\/logo\\\/image\\\/\",\"url\":\"https:\\\/\\\/www.christiesrealestatebelgium.be\\\/wp-content\\\/uploads\\\/2023\\\/06\\\/logo.svg\",\"contentUrl\":\"https:\\\/\\\/www.christiesrealestatebelgium.be\\\/wp-content\\\/uploads\\\/2023\\\/06\\\/logo.svg\",\"width\":2048,\"height\":408,\"caption\":\"Christies International Real Estate Belgium\"},\"image\":{\"@id\":\"https:\\\/\\\/www.christiesrealestatebelgium.be\\\/fr\\\/#\\\/schema\\\/logo\\\/image\\\/\"},\"sameAs\":[\"https:\\\/\\\/www.facebook.com\\\/christiesrealestatebelgium\",\"https:\\\/\\\/www.linkedin.com\\\/company\\\/christiesrealestatebelgium\\\/\"]}]}<\/script>\n<!-- \/ Yoast SEO plugin. -->","yoast_head_json":{"title":"Contact - Christie\u2019s International Real Estate Belgium","robots":{"index":"index","follow":"follow","max-snippet":"max-snippet:-1","max-image-preview":"max-image-preview:large","max-video-preview":"max-video-preview:-1"},"canonical":"https:\/\/www.christiesrealestatebelgium.be\/fr\/contact\/","og_locale":"fr_FR","og_type":"article","og_title":"Contact - Christie\u2019s International Real Estate Belgium","og_description":"Bienvenue D\u00e9couvrez nos bureaux. Expertise r\u00e9gionale Christie&rsquo;s Real Estate Belgium est pr\u00e9sent sur tout le territoire belge en s&rsquo;appuyant sur un r\u00e9seau d&rsquo;agences locales soigneusement s\u00e9lectionn\u00e9es. Dans chaque bureau nos agents auront \u00e0 c\u0153ur de travailler au quotidien avec vous pour vous fournir le service le plus personnalis\u00e9 r\u00e9pondant \u00e0 tous vos besoins et \u00e0 &hellip; Continue reading \"Christie&rsquo;s Belgium Propri\u00e9t\u00e9 Equestre\"","og_url":"https:\/\/www.christiesrealestatebelgium.be\/fr\/contact\/","og_site_name":"Christie\u2019s International Real Estate Belgium","article_publisher":"https:\/\/www.facebook.com\/christiesrealestatebelgium","article_modified_time":"2026-02-03T10:33:35+00:00","twitter_card":"summary_large_image","twitter_misc":{"Dur\u00e9e de lecture estim\u00e9e":"1 minute"},"schema":{"@context":"https:\/\/schema.org","@graph":[{"@type":"WebPage","@id":"https:\/\/www.christiesrealestatebelgium.be\/fr\/contact\/","url":"https:\/\/www.christiesrealestatebelgium.be\/fr\/contact\/","name":"Contact - Christie\u2019s International Real Estate Belgium","isPartOf":{"@id":"https:\/\/www.christiesrealestatebelgium.be\/fr\/#website"},"datePublished":"2023-05-22T11:01:04+00:00","dateModified":"2026-02-03T10:33:35+00:00","breadcrumb":{"@id":"https:\/\/www.christiesrealestatebelgium.be\/fr\/contact\/#breadcrumb"},"inLanguage":"fr-FR","potentialAction":[{"@type":"ReadAction","target":["https:\/\/www.christiesrealestatebelgium.be\/fr\/contact\/"]}]},{"@type":"BreadcrumbList","@id":"https:\/\/www.christiesrealestatebelgium.be\/fr\/contact\/#breadcrumb","itemListElement":[{"@type":"ListItem","position":1,"name":"Home","item":"https:\/\/www.christiesrealestatebelgium.be\/fr\/"},{"@type":"ListItem","position":2,"name":"Contact"}]},{"@type":"WebSite","@id":"https:\/\/www.christiesrealestatebelgium.be\/fr\/#website","url":"https:\/\/www.christiesrealestatebelgium.be\/fr\/","name":"Christies International Real Estate Belgium","description":"Where luxury lives","publisher":{"@id":"https:\/\/www.christiesrealestatebelgium.be\/fr\/#organization"},"potentialAction":[{"@type":"SearchAction","target":{"@type":"EntryPoint","urlTemplate":"https:\/\/www.christiesrealestatebelgium.be\/fr\/?s={search_term_string}"},"query-input":{"@type":"PropertyValueSpecification","valueRequired":true,"valueName":"search_term_string"}}],"inLanguage":"fr-FR"},{"@type":"Organization","@id":"https:\/\/www.christiesrealestatebelgium.be\/fr\/#organization","name":"Christies International Real Estate Belgium","url":"https:\/\/www.christiesrealestatebelgium.be\/fr\/","logo":{"@type":"ImageObject","inLanguage":"fr-FR","@id":"https:\/\/www.christiesrealestatebelgium.be\/fr\/#\/schema\/logo\/image\/","url":"https:\/\/www.christiesrealestatebelgium.be\/wp-content\/uploads\/2023\/06\/logo.svg","contentUrl":"https:\/\/www.christiesrealestatebelgium.be\/wp-content\/uploads\/2023\/06\/logo.svg","width":2048,"height":408,"caption":"Christies International Real Estate Belgium"},"image":{"@id":"https:\/\/www.christiesrealestatebelgium.be\/fr\/#\/schema\/logo\/image\/"},"sameAs":["https:\/\/www.facebook.com\/christiesrealestatebelgium","https:\/\/www.linkedin.com\/company\/christiesrealestatebelgium\/"]}]}},"_links":{"self":[{"href":"https:\/\/www.christiesrealestatebelgium.be\/fr\/wp-json\/wp\/v2\/pages\/46425","targetHints":{"allow":["GET"]}}],"collection":[{"href":"https:\/\/www.christiesrealestatebelgium.be\/fr\/wp-json\/wp\/v2\/pages"}],"about":[{"href":"https:\/\/www.christiesrealestatebelgium.be\/fr\/wp-json\/wp\/v2\/types\/page"}],"author":[{"embeddable":true,"href":"https:\/\/www.christiesrealestatebelgium.be\/fr\/wp-json\/wp\/v2\/users\/1"}],"replies":[{"embeddable":true,"href":"https:\/\/www.christiesrealestatebelgium.be\/fr\/wp-json\/wp\/v2\/comments?post=46425"}],"version-history":[{"count":16,"href":"https:\/\/www.christiesrealestatebelgium.be\/fr\/wp-json\/wp\/v2\/pages\/46425\/revisions"}],"predecessor-version":[{"id":68396,"href":"https:\/\/www.christiesrealestatebelgium.be\/fr\/wp-json\/wp\/v2\/pages\/46425\/revisions\/68396"}],"wp:attachment":[{"href":"https:\/\/www.christiesrealestatebelgium.be\/fr\/wp-json\/wp\/v2\/media?parent=46425"}],"curies":[{"name":"wp","href":"https:\/\/api.w.org\/{rel}","templated":true}]}}